{"id":2499,"date":"2022-05-23T15:14:48","date_gmt":"2022-05-23T13:14:48","guid":{"rendered":"https:\/\/www.becassiers.ch\/la-caccia\/"},"modified":"2024-06-14T15:19:05","modified_gmt":"2024-06-14T13:19:05","slug":"la-caccia","status":"publish","type":"page","link":"https:\/\/www.becassiers.ch\/it\/la-caccia\/","title":{"rendered":"La caccia"},"content":{"rendered":"<div class=\"wpb-content-wrapper\"><p>[vc_row bg_check=&#8221;row-background-dark&#8221; dfd_bg_style=&#8221;image&#8221; dfd_bg_image_new=&#8221;2657&#8243; dfd_bg_image_repeat=&#8221;no-repeat&#8221; dfd_bg_image_position=&#8221;80% 100%&#8221;][vc_column css=&#8221;.vc_custom_1636634249592{padding-right: 25px !important;padding-left: 25px !important;background-position: center !important;background-repeat: no-repeat !important;background-size: cover !important;}&#8221; col_shadow=&#8221;box_shadow_enable:disable|shadow_horizontal:0|shadow_vertical:15|shadow_blur:50|shadow_spread:0|box_shadow_color:rgba(0%2C0%2C0%2C0.35)&#8221; col_shadow_hover=&#8221;box_shadow_enable:disable|shadow_horizontal:0|shadow_vertical:15|shadow_blur:50|shadow_spread:0|box_shadow_color:rgba(0%2C0%2C0%2C0.35)&#8221;]<div class=\"dfd-spacer-module\"  data-units=\"px\" data-wide_resolution=\"1280\" data-wide_size=\"150\" data-normal_resolution=\"1024\" data-normal_size=\"120\" data-tablet_resolution=\"800\" data-tablet_size=\"100\" data-mobile_resolution=\"480\" data-mobile_size=\"100\" style=\"height: 150px;\"><\/div><div class=\"dfd-heading-shortcode\"><div class=\"dfd-heading-module-wrap  text-left style_03 dfd-heading-69f4ac37b03c4 dfd-disable-resposive-headings\" id=\"dfd-heading-69f4ac37b03c4\" ><div class=\"inline-block\"><div class=\"dfd-heading-module\"><h1 class=\"widget-title dfd-title \" style=\"\">La beccaccia<\/h1><\/div><\/div><\/div><script type=\"text\/javascript\">\r\n\t\t\t\t\t\t\t\t\t(function($) {\r\n\t\t\t\t\t\t\t\t\t\t$(\"head\").append(\"<style>.dfd-heading-69f4ac37b03c4.dfd-heading-module-wrap .dfd-heading-module .dfd-heading-delimiter {margin-top:10px;margin-bottom:10px;}@media (max-width: 1279px) and (min-width: 1024px){.dfd-heading-69f4ac37b03c4 .dfd-title{font-size: 60px !important;line-height: 70px !important;}}@media (max-width: 1023px) and (min-width: 800px){.dfd-heading-69f4ac37b03c4 .dfd-title{font-size: 50px !important;line-height: 60px !important;}}@media (max-width: 799px){.dfd-heading-69f4ac37b03c4 .dfd-title{font-size: 40px !important;line-height: 50px !important;}}@media (max-width: 1279px) and (min-width: 1024px){.dfd-heading-69f4ac37b03c4 .dfd-sub-title{font-size: 18px !important;line-height: 26px !important;}}@media (max-width: 1023px) and (min-width: 800px){.dfd-heading-69f4ac37b03c4 .dfd-sub-title{font-size: 16px !important;line-height: 24px !important;}}@media (max-width: 799px){.dfd-heading-69f4ac37b03c4 .dfd-sub-title{font-size: 16px !important;line-height: 24px !important;}}@media only screen and (max-width: 799px) {.dfd-heading-69f4ac37b03c4 {text-align: left;}}<\/style>\");\r\n\t\t\t\t\t\t\t\t\t})(jQuery);\r\n\t\t\t\t\t\t\t\t<\/script><\/div><div class=\"dfd-spacer-module\"  data-units=\"px\" data-wide_resolution=\"1280\" data-wide_size=\"150\" data-normal_resolution=\"1024\" data-normal_size=\"120\" data-tablet_resolution=\"800\" data-tablet_size=\"100\" data-mobile_resolution=\"480\" data-mobile_size=\"100\" style=\"height: 150px;\"><\/div>[\/vc_column][\/vc_row][vc_row anchor=&#8221;email_link&#8221;][vc_column col_shadow=&#8221;box_shadow_enable:disable|shadow_horizontal:0|shadow_vertical:15|shadow_blur:50|shadow_spread:0|box_shadow_color:rgba(0%2C0%2C0%2C0.35)&#8221; col_shadow_hover=&#8221;box_shadow_enable:disable|shadow_horizontal:0|shadow_vertical:15|shadow_blur:50|shadow_spread:0|box_shadow_color:rgba(0%2C0%2C0%2C0.35)&#8221; css=&#8221;.vc_custom_1636634267389{padding-right: 25px !important;padding-left: 25px !important;}&#8221;]<div class=\"dfd-spacer-module\"  data-units=\"px\" data-wide_resolution=\"1280\" data-wide_size=\"150\" data-normal_resolution=\"1024\" data-normal_size=\"120\" data-tablet_resolution=\"800\" data-tablet_size=\"100\" data-mobile_resolution=\"480\" data-mobile_size=\"80\" style=\"height: 150px;\"><\/div><div class=\"dfd-heading-shortcode\"><div class=\"dfd-heading-module-wrap  text-left style_01 dfd-heading-69f4ac37b0531 dfd-disable-resposive-headings\" id=\"dfd-heading-69f4ac37b0531\" ><div class=\"inline-block\"><div class=\"dfd-heading-module\"><h2 class=\"widget-title dfd-title \" style=\"\">La caccia<\/h2><\/div><\/div><\/div><script type=\"text\/javascript\">\r\n\t\t\t\t\t\t\t\t\t(function($) {\r\n\t\t\t\t\t\t\t\t\t\t$(\"head\").append(\"<style>.dfd-heading-69f4ac37b0531 .dfd-heading-module .widget-title {margin-bottom:20px;}.dfd-heading-69f4ac37b0531.dfd-heading-module-wrap .dfd-heading-module .dfd-heading-delimiter {margin-top:10px;margin-bottom:10px;}@media (max-width: 1279px) and (min-width: 1024px){.dfd-heading-69f4ac37b0531 .dfd-title{font-size: 60px !important;line-height: 70px !important;}}@media (max-width: 1023px) and (min-width: 800px){.dfd-heading-69f4ac37b0531 .dfd-title{font-size: 50px !important;line-height: 60px !important;}}@media (max-width: 799px){.dfd-heading-69f4ac37b0531 .dfd-title{font-size: 40px !important;line-height: 50px !important;}}@media (max-width: 1279px) and (min-width: 1024px){.dfd-heading-69f4ac37b0531 .dfd-sub-title{font-size: 18px !important;line-height: 26px !important;}}@media (max-width: 1023px) and (min-width: 800px){.dfd-heading-69f4ac37b0531 .dfd-sub-title{font-size: 16px !important;line-height: 24px !important;}}@media (max-width: 799px){.dfd-heading-69f4ac37b0531 .dfd-sub-title{font-size: 16px !important;line-height: 24px !important;}}@media only screen and (max-width: 799px) {.dfd-heading-69f4ac37b0531 {text-align: left;}}<\/style>\");\r\n\t\t\t\t\t\t\t\t\t})(jQuery);\r\n\t\t\t\t\t\t\t\t<\/script><\/div>[\/vc_column][\/vc_row][vc_row anchor=&#8221;email_link&#8221;][vc_column width=&#8221;1\/2&#8243; col_shadow=&#8221;box_shadow_enable:disable|shadow_horizontal:0|shadow_vertical:15|shadow_blur:50|shadow_spread:0|box_shadow_color:rgba(0%2C0%2C0%2C0.35)&#8221; col_shadow_hover=&#8221;box_shadow_enable:disable|shadow_horizontal:0|shadow_vertical:15|shadow_blur:50|shadow_spread:0|box_shadow_color:rgba(0%2C0%2C0%2C0.35)&#8221; css=&#8221;.vc_custom_1636634171012{padding-right: 25px !important;padding-left: 25px !important;}&#8221;][vc_column_text]Secondo l&#8217;ordinanza federale la caccia alla beccaccia \u00e8 consentita dal 15 settembre al 14 dicembre. Solo i cantoni francofoni (FR, JU, NE, VD, VS), i distretti francofoni del Canton Berna e il Ticino autorizzano la caccia con diverse variazioni riguardanti i periodi, i territori e il prelievo massimo autorizzato (PMA). Dal 2022 nei cantoni Romandi l&#8217;apertura sar\u00e0 unificata tra il 15 e 20 ottobre e verr\u00e0 istituito un PMA da 10 a 15 capi.<\/p>\n<p>La caccia alla beccaccia \u00e8 un&#8217;attivit\u00e0 che richiede e mantiene una buona condizione fisica perch\u00e9 \u00e8 necessario camminare per una media di 6 ore su terreni difficili (rovi e pendii) per sperare di prendere un uccello.<br \/>\nLa ricerca pu\u00f2 avere successo solo con l&#8217;aiuto di un partner indispensabile: il cane.[\/vc_column_text][\/vc_column][vc_column width=&#8221;1\/2&#8243; dfd_column_responsive_enable=&#8221;dfd-column-responsive-enable&#8221; col_shadow=&#8221;box_shadow_enable:disable|shadow_horizontal:0|shadow_vertical:15|shadow_blur:50|shadow_spread:0|box_shadow_color:rgba(0%2C0%2C0%2C0.35)&#8221; col_shadow_hover=&#8221;box_shadow_enable:disable|shadow_horizontal:0|shadow_vertical:15|shadow_blur:50|shadow_spread:0|box_shadow_color:rgba(0%2C0%2C0%2C0.35)&#8221; responsive_styles=&#8221;padding_top_mobile:20&#8243; css=&#8221;.vc_custom_1636634176366{padding-right: 25px !important;padding-left: 25px !important;}&#8221;][vc_single_image image=&#8221;1920&#8243; img_size=&#8221;full&#8221;][\/vc_column][\/vc_row][vc_row anchor=&#8221;email_link&#8221;][vc_column col_shadow=&#8221;box_shadow_enable:disable|shadow_horizontal:0|shadow_vertical:15|shadow_blur:50|shadow_spread:0|box_shadow_color:rgba(0%2C0%2C0%2C0.35)&#8221; col_shadow_hover=&#8221;box_shadow_enable:disable|shadow_horizontal:0|shadow_vertical:15|shadow_blur:50|shadow_spread:0|box_shadow_color:rgba(0%2C0%2C0%2C0.35)&#8221; css=&#8221;.vc_custom_1636634281304{padding-right: 25px !important;padding-left: 25px !important;}&#8221;]<div class=\"dfd-spacer-module\"  data-units=\"px\" data-wide_resolution=\"1280\" data-wide_size=\"80\" data-normal_resolution=\"1024\" data-normal_size=\"80\" data-tablet_resolution=\"800\" data-tablet_size=\"80\" data-mobile_resolution=\"480\" data-mobile_size=\"80\" style=\"height: 80px;\"><\/div>[\/vc_column][\/vc_row][vc_row anchor=&#8221;email_link&#8221;][vc_column width=&#8221;1\/2&#8243; col_shadow=&#8221;box_shadow_enable:disable|shadow_horizontal:0|shadow_vertical:15|shadow_blur:50|shadow_spread:0|box_shadow_color:rgba(0%2C0%2C0%2C0.35)&#8221; col_shadow_hover=&#8221;box_shadow_enable:disable|shadow_horizontal:0|shadow_vertical:15|shadow_blur:50|shadow_spread:0|box_shadow_color:rgba(0%2C0%2C0%2C0.35)&#8221; css=&#8221;.vc_custom_1636640767718{padding-right: 25px !important;padding-left: 25px !important;}&#8221;][vc_single_image image=&#8221;1918&#8243; img_size=&#8221;full&#8221;][\/vc_column][vc_column width=&#8221;1\/2&#8243; dfd_column_responsive_enable=&#8221;dfd-column-responsive-enable&#8221; col_shadow=&#8221;box_shadow_enable:disable|shadow_horizontal:0|shadow_vertical:15|shadow_blur:50|shadow_spread:0|box_shadow_color:rgba(0%2C0%2C0%2C0.35)&#8221; col_shadow_hover=&#8221;box_shadow_enable:disable|shadow_horizontal:0|shadow_vertical:15|shadow_blur:50|shadow_spread:0|box_shadow_color:rgba(0%2C0%2C0%2C0.35)&#8221; css=&#8221;.vc_custom_1636640776054{padding-right: 25px !important;padding-left: 25px !important;}&#8221; responsive_styles=&#8221;padding_top_mobile:20&#8243;][vc_column_text]Il cane da ferma &#8220;cerca&#8221;, a seconda della razza, con un raggio d&#8217;azione da 50 a 200 metri sui lati. La fermata viene percepita quando il campanello appeso al collare del cane smette di suonare e spetta quindi al conduttore cercarlo. Una volta localizzato, congelato, ipnotizzato dal profumo della beccaccia bloccata a distanza ravvicinata, il cacciatore si gode la scena che pu\u00f2 durare anche diversi minuti. Se ha deciso di prendere la beccaccia, si posiziona al meglio nella presunta direzione di fuga, carica il fucile, fa durare la scena il pi\u00f9 a lungo possibile e infine fa &#8220;decollare&#8221; la beccaccia.[\/vc_column_text][\/vc_column][\/vc_row][vc_row anchor=&#8221;email_link&#8221;][vc_column col_shadow=&#8221;box_shadow_enable:disable|shadow_horizontal:0|shadow_vertical:15|shadow_blur:50|shadow_spread:0|box_shadow_color:rgba(0%2C0%2C0%2C0.35)&#8221; col_shadow_hover=&#8221;box_shadow_enable:disable|shadow_horizontal:0|shadow_vertical:15|shadow_blur:50|shadow_spread:0|box_shadow_color:rgba(0%2C0%2C0%2C0.35)&#8221;]<div class=\"dfd-spacer-module\"  data-units=\"px\" data-wide_resolution=\"1280\" data-wide_size=\"150\" data-normal_resolution=\"1024\" data-normal_size=\"120\" data-tablet_resolution=\"800\" data-tablet_size=\"100\" data-mobile_resolution=\"480\" data-mobile_size=\"80\" style=\"height: 150px;\"><\/div>[\/vc_column][\/vc_row]<\/p>\n<\/div>","protected":false},"excerpt":{"rendered":"<p>[vc_row bg_check=&#8221;row-background-dark&#8221; dfd_bg_style=&#8221;image&#8221; dfd_bg_image_new=&#8221;2657&#8243; dfd_bg_image_repeat=&#8221;no-repeat&#8221; dfd_bg_image_position=&#8221;80% 100%&#8221;][vc_column css=&#8221;.vc_custom_1636634249592{padding-right: 25px !important;padding-left: 25px !important;background-position: center !important;background-repeat: no-repeat !important;background-size: cover !important;}&#8221; col_shadow=&#8221;box_shadow_enable:disable|shadow_horizontal:0|shadow_vertical:15|shadow_blur:50|shadow_spread:0|box_shadow_color:rgba(0%2C0%2C0%2C0.35)&#8221; col_shadow_hover=&#8221;box_shadow_enable:disable|shadow_horizontal:0|shadow_vertical:15|shadow_blur:50|shadow_spread:0|box_shadow_color:rgba(0%2C0%2C0%2C0.35)&#8221;][\/vc_column][\/vc_row][vc_row anchor=&#8221;email_link&#8221;][vc_column col_shadow=&#8221;box_shadow_enable:disable|shadow_horizontal:0|shadow_vertical:15|shadow_blur:50|shadow_spread:0|box_shadow_color:rgba(0%2C0%2C0%2C0.35)&#8221; col_shadow_hover=&#8221;box_shadow_enable:disable|shadow_horizontal:0|shadow_vertical:15|shadow_blur:50|shadow_spread:0|box_shadow_color:rgba(0%2C0%2C0%2C0.35)&#8221; css=&#8221;.vc_custom_1636634267389{padding-right: 25px !important;padding-left: 25px !important;}&#8221;][\/vc_column][\/vc_row][vc_row anchor=&#8221;email_link&#8221;][vc_column width=&#8221;1\/2&#8243;<\/p>\n","protected":false},"author":1,"featured_media":0,"parent":0,"menu_order":0,"comment_status":"closed","ping_status":"closed","template":"page-custom.php","meta":{"inline_featured_image":false,"footnotes":""},"class_list":["post-2499","page","type-page","status-publish","hentry"],"yoast_head":"<!-- This site is optimized with the Yoast SEO plugin v27.0 - https:\/\/yoast.com\/product\/yoast-seo-wordpress\/ -->\n<title>La caccia - Association Suisse des B\u00e9cassiers<\/title>\n<meta name=\"robots\" content=\"index, follow, max-snippet:-1, max-image-preview:large, max-video-preview:-1\" \/>\n<link rel=\"canonical\" href=\"https:\/\/www.becassiers.ch\/it\/la-caccia\/\" \/>\n<meta property=\"og:locale\" content=\"it_IT\" \/>\n<meta property=\"og:type\" content=\"article\" \/>\n<meta property=\"og:title\" content=\"La caccia - Association Suisse des B\u00e9cassiers\" \/>\n<meta property=\"og:description\" content=\"[vc_row bg_check=&#8221;row-background-dark&#8221; dfd_bg_style=&#8221;image&#8221; dfd_bg_image_new=&#8221;2657&#8243; dfd_bg_image_repeat=&#8221;no-repeat&#8221; dfd_bg_image_position=&#8221;80% 100%&#8221;][vc_column css=&#8221;.vc_custom_1636634249592{padding-right: 25px !important;padding-left: 25px !important;background-position: center !important;background-repeat: no-repeat !important;background-size: cover !important;}&#8221; col_shadow=&#8221;box_shadow_enable:disable|shadow_horizontal:0|shadow_vertical:15|shadow_blur:50|shadow_spread:0|box_shadow_color:rgba(0%2C0%2C0%2C0.35)&#8221; col_shadow_hover=&#8221;box_shadow_enable:disable|shadow_horizontal:0|shadow_vertical:15|shadow_blur:50|shadow_spread:0|box_shadow_color:rgba(0%2C0%2C0%2C0.35)&#8221;][\/vc_column][\/vc_row][vc_row anchor=&#8221;email_link&#8221;][vc_column col_shadow=&#8221;box_shadow_enable:disable|shadow_horizontal:0|shadow_vertical:15|shadow_blur:50|shadow_spread:0|box_shadow_color:rgba(0%2C0%2C0%2C0.35)&#8221; col_shadow_hover=&#8221;box_shadow_enable:disable|shadow_horizontal:0|shadow_vertical:15|shadow_blur:50|shadow_spread:0|box_shadow_color:rgba(0%2C0%2C0%2C0.35)&#8221; css=&#8221;.vc_custom_1636634267389{padding-right: 25px !important;padding-left: 25px !important;}&#8221;][\/vc_column][\/vc_row][vc_row anchor=&#8221;email_link&#8221;][vc_column width=&#8221;1\/2&#8243;\" \/>\n<meta property=\"og:url\" content=\"https:\/\/www.becassiers.ch\/it\/la-caccia\/\" \/>\n<meta property=\"og:site_name\" content=\"Association Suisse des B\u00e9cassiers\" \/>\n<meta property=\"article:modified_time\" content=\"2024-06-14T13:19:05+00:00\" \/>\n<meta name=\"twitter:card\" content=\"summary_large_image\" \/>\n<meta name=\"twitter:label1\" content=\"Tempo di lettura stimato\" \/>\n\t<meta name=\"twitter:data1\" content=\"5 minuti\" \/>\n<script type=\"application\/ld+json\" class=\"yoast-schema-graph\">{\"@context\":\"https:\/\/schema.org\",\"@graph\":[{\"@type\":\"WebPage\",\"@id\":\"https:\/\/www.becassiers.ch\/it\/la-caccia\/\",\"url\":\"https:\/\/www.becassiers.ch\/it\/la-caccia\/\",\"name\":\"La caccia - Association Suisse des B\u00e9cassiers\",\"isPartOf\":{\"@id\":\"https:\/\/www.becassiers.ch\/#website\"},\"datePublished\":\"2022-05-23T13:14:48+00:00\",\"dateModified\":\"2024-06-14T13:19:05+00:00\",\"breadcrumb\":{\"@id\":\"https:\/\/www.becassiers.ch\/it\/la-caccia\/#breadcrumb\"},\"inLanguage\":\"it-IT\",\"potentialAction\":[{\"@type\":\"ReadAction\",\"target\":[\"https:\/\/www.becassiers.ch\/it\/la-caccia\/\"]}]},{\"@type\":\"BreadcrumbList\",\"@id\":\"https:\/\/www.becassiers.ch\/it\/la-caccia\/#breadcrumb\",\"itemListElement\":[{\"@type\":\"ListItem\",\"position\":1,\"name\":\"Home\",\"item\":\"https:\/\/www.becassiers.ch\/it\/\"},{\"@type\":\"ListItem\",\"position\":2,\"name\":\"La caccia\"}]},{\"@type\":\"WebSite\",\"@id\":\"https:\/\/www.becassiers.ch\/#website\",\"url\":\"https:\/\/www.becassiers.ch\/\",\"name\":\"Association Suisse des B\u00e9cassiers\",\"description\":\"\",\"potentialAction\":[{\"@type\":\"SearchAction\",\"target\":{\"@type\":\"EntryPoint\",\"urlTemplate\":\"https:\/\/www.becassiers.ch\/?s={search_term_string}\"},\"query-input\":{\"@type\":\"PropertyValueSpecification\",\"valueRequired\":true,\"valueName\":\"search_term_string\"}}],\"inLanguage\":\"it-IT\"}]}<\/script>\n<!-- \/ Yoast SEO plugin. -->","yoast_head_json":{"title":"La caccia - Association Suisse des B\u00e9cassiers","robots":{"index":"index","follow":"follow","max-snippet":"max-snippet:-1","max-image-preview":"max-image-preview:large","max-video-preview":"max-video-preview:-1"},"canonical":"https:\/\/www.becassiers.ch\/it\/la-caccia\/","og_locale":"it_IT","og_type":"article","og_title":"La caccia - Association Suisse des B\u00e9cassiers","og_description":"[vc_row bg_check=&#8221;row-background-dark&#8221; dfd_bg_style=&#8221;image&#8221; dfd_bg_image_new=&#8221;2657&#8243; dfd_bg_image_repeat=&#8221;no-repeat&#8221; dfd_bg_image_position=&#8221;80% 100%&#8221;][vc_column css=&#8221;.vc_custom_1636634249592{padding-right: 25px !important;padding-left: 25px !important;background-position: center !important;background-repeat: no-repeat !important;background-size: cover !important;}&#8221; col_shadow=&#8221;box_shadow_enable:disable|shadow_horizontal:0|shadow_vertical:15|shadow_blur:50|shadow_spread:0|box_shadow_color:rgba(0%2C0%2C0%2C0.35)&#8221; col_shadow_hover=&#8221;box_shadow_enable:disable|shadow_horizontal:0|shadow_vertical:15|shadow_blur:50|shadow_spread:0|box_shadow_color:rgba(0%2C0%2C0%2C0.35)&#8221;][\/vc_column][\/vc_row][vc_row anchor=&#8221;email_link&#8221;][vc_column col_shadow=&#8221;box_shadow_enable:disable|shadow_horizontal:0|shadow_vertical:15|shadow_blur:50|shadow_spread:0|box_shadow_color:rgba(0%2C0%2C0%2C0.35)&#8221; col_shadow_hover=&#8221;box_shadow_enable:disable|shadow_horizontal:0|shadow_vertical:15|shadow_blur:50|shadow_spread:0|box_shadow_color:rgba(0%2C0%2C0%2C0.35)&#8221; css=&#8221;.vc_custom_1636634267389{padding-right: 25px !important;padding-left: 25px !important;}&#8221;][\/vc_column][\/vc_row][vc_row anchor=&#8221;email_link&#8221;][vc_column width=&#8221;1\/2&#8243;","og_url":"https:\/\/www.becassiers.ch\/it\/la-caccia\/","og_site_name":"Association Suisse des B\u00e9cassiers","article_modified_time":"2024-06-14T13:19:05+00:00","twitter_card":"summary_large_image","twitter_misc":{"Tempo di lettura stimato":"5 minuti"},"schema":{"@context":"https:\/\/schema.org","@graph":[{"@type":"WebPage","@id":"https:\/\/www.becassiers.ch\/it\/la-caccia\/","url":"https:\/\/www.becassiers.ch\/it\/la-caccia\/","name":"La caccia - Association Suisse des B\u00e9cassiers","isPartOf":{"@id":"https:\/\/www.becassiers.ch\/#website"},"datePublished":"2022-05-23T13:14:48+00:00","dateModified":"2024-06-14T13:19:05+00:00","breadcrumb":{"@id":"https:\/\/www.becassiers.ch\/it\/la-caccia\/#breadcrumb"},"inLanguage":"it-IT","potentialAction":[{"@type":"ReadAction","target":["https:\/\/www.becassiers.ch\/it\/la-caccia\/"]}]},{"@type":"BreadcrumbList","@id":"https:\/\/www.becassiers.ch\/it\/la-caccia\/#breadcrumb","itemListElement":[{"@type":"ListItem","position":1,"name":"Home","item":"https:\/\/www.becassiers.ch\/it\/"},{"@type":"ListItem","position":2,"name":"La caccia"}]},{"@type":"WebSite","@id":"https:\/\/www.becassiers.ch\/#website","url":"https:\/\/www.becassiers.ch\/","name":"Association Suisse des B\u00e9cassiers","description":"","potentialAction":[{"@type":"SearchAction","target":{"@type":"EntryPoint","urlTemplate":"https:\/\/www.becassiers.ch\/?s={search_term_string}"},"query-input":{"@type":"PropertyValueSpecification","valueRequired":true,"valueName":"search_term_string"}}],"inLanguage":"it-IT"}]}},"_links":{"self":[{"href":"https:\/\/www.becassiers.ch\/it\/wp-json\/wp\/v2\/pages\/2499","targetHints":{"allow":["GET"]}}],"collection":[{"href":"https:\/\/www.becassiers.ch\/it\/wp-json\/wp\/v2\/pages"}],"about":[{"href":"https:\/\/www.becassiers.ch\/it\/wp-json\/wp\/v2\/types\/page"}],"author":[{"embeddable":true,"href":"https:\/\/www.becassiers.ch\/it\/wp-json\/wp\/v2\/users\/1"}],"replies":[{"embeddable":true,"href":"https:\/\/www.becassiers.ch\/it\/wp-json\/wp\/v2\/comments?post=2499"}],"version-history":[{"count":7,"href":"https:\/\/www.becassiers.ch\/it\/wp-json\/wp\/v2\/pages\/2499\/revisions"}],"predecessor-version":[{"id":3046,"href":"https:\/\/www.becassiers.ch\/it\/wp-json\/wp\/v2\/pages\/2499\/revisions\/3046"}],"wp:attachment":[{"href":"https:\/\/www.becassiers.ch\/it\/wp-json\/wp\/v2\/media?parent=2499"}],"curies":[{"name":"wp","href":"https:\/\/api.w.org\/{rel}","templated":true}]}}