{"id":2392,"date":"2022-05-04T15:50:04","date_gmt":"2022-05-04T13:50:04","guid":{"rendered":"https:\/\/www.becassiers.ch\/attenzione-zecche\/"},"modified":"2022-06-14T16:26:25","modified_gmt":"2022-06-14T14:26:25","slug":"attenzione-zecche","status":"publish","type":"page","link":"https:\/\/www.becassiers.ch\/it\/attenzione-zecche\/","title":{"rendered":"Attenzione zecche"},"content":{"rendered":"<div class=\"wpb-content-wrapper\"><p>[vc_row bg_check=&#8221;row-background-dark&#8221; dfd_bg_style=&#8221;image&#8221; dfd_bg_image_new=&#8221;2661&#8243; dfd_bg_image_repeat=&#8221;no-repeat&#8221; dfd_bg_image_position=&#8221;40% 100%&#8221;][vc_column css=&#8221;.vc_custom_1636634249592{padding-right: 25px !important;padding-left: 25px !important;background-position: center !important;background-repeat: no-repeat !important;background-size: cover !important;}&#8221; col_shadow=&#8221;box_shadow_enable:disable|shadow_horizontal:0|shadow_vertical:15|shadow_blur:50|shadow_spread:0|box_shadow_color:rgba(0%2C0%2C0%2C0.35)&#8221; col_shadow_hover=&#8221;box_shadow_enable:disable|shadow_horizontal:0|shadow_vertical:15|shadow_blur:50|shadow_spread:0|box_shadow_color:rgba(0%2C0%2C0%2C0.35)&#8221;]<div class=\"dfd-spacer-module\"  data-units=\"px\" data-wide_resolution=\"1280\" data-wide_size=\"150\" data-normal_resolution=\"1024\" data-normal_size=\"120\" data-tablet_resolution=\"800\" data-tablet_size=\"100\" data-mobile_resolution=\"480\" data-mobile_size=\"100\" style=\"height: 150px;\"><\/div><div class=\"dfd-heading-shortcode\"><div class=\"dfd-heading-module-wrap  text-left style_03 dfd-heading-6a06d7f634041 dfd-disable-resposive-headings\" id=\"dfd-heading-6a06d7f634041\" ><div class=\"inline-block\"><div class=\"dfd-heading-module\"><h1 class=\"widget-title dfd-title \" style=\"\">Cani e fields-trial<\/h1><\/div><\/div><\/div><script type=\"text\/javascript\">\r\n\t\t\t\t\t\t\t\t\t(function($) {\r\n\t\t\t\t\t\t\t\t\t\t$(\"head\").append(\"<style>.dfd-heading-6a06d7f634041.dfd-heading-module-wrap .dfd-heading-module .dfd-heading-delimiter {margin-top:10px;margin-bottom:10px;}@media (max-width: 1279px) and (min-width: 1024px){.dfd-heading-6a06d7f634041 .dfd-title{font-size: 60px !important;line-height: 70px !important;}}@media (max-width: 1023px) and (min-width: 800px){.dfd-heading-6a06d7f634041 .dfd-title{font-size: 50px !important;line-height: 60px !important;}}@media (max-width: 799px){.dfd-heading-6a06d7f634041 .dfd-title{font-size: 40px !important;line-height: 50px !important;}}@media (max-width: 1279px) and (min-width: 1024px){.dfd-heading-6a06d7f634041 .dfd-sub-title{font-size: 18px !important;line-height: 26px !important;}}@media (max-width: 1023px) and (min-width: 800px){.dfd-heading-6a06d7f634041 .dfd-sub-title{font-size: 16px !important;line-height: 24px !important;}}@media (max-width: 799px){.dfd-heading-6a06d7f634041 .dfd-sub-title{font-size: 16px !important;line-height: 24px !important;}}@media only screen and (max-width: 799px) {.dfd-heading-6a06d7f634041 {text-align: left;}}<\/style>\");\r\n\t\t\t\t\t\t\t\t\t})(jQuery);\r\n\t\t\t\t\t\t\t\t<\/script><\/div><div class=\"dfd-spacer-module\"  data-units=\"px\" data-wide_resolution=\"1280\" data-wide_size=\"150\" data-normal_resolution=\"1024\" data-normal_size=\"120\" data-tablet_resolution=\"800\" data-tablet_size=\"100\" data-mobile_resolution=\"480\" data-mobile_size=\"100\" style=\"height: 150px;\"><\/div>[\/vc_column][\/vc_row][vc_row anchor=&#8221;email_link&#8221;][vc_column col_shadow=&#8221;box_shadow_enable:disable|shadow_horizontal:0|shadow_vertical:15|shadow_blur:50|shadow_spread:0|box_shadow_color:rgba(0%2C0%2C0%2C0.35)&#8221; col_shadow_hover=&#8221;box_shadow_enable:disable|shadow_horizontal:0|shadow_vertical:15|shadow_blur:50|shadow_spread:0|box_shadow_color:rgba(0%2C0%2C0%2C0.35)&#8221; css=&#8221;.vc_custom_1636634267389{padding-right: 25px !important;padding-left: 25px !important;}&#8221;]<div class=\"dfd-spacer-module\"  data-units=\"px\" data-wide_resolution=\"1280\" data-wide_size=\"150\" data-normal_resolution=\"1024\" data-normal_size=\"120\" data-tablet_resolution=\"800\" data-tablet_size=\"100\" data-mobile_resolution=\"480\" data-mobile_size=\"80\" style=\"height: 150px;\"><\/div><div class=\"dfd-heading-shortcode\"><div class=\"dfd-heading-module-wrap  text-left style_01 dfd-heading-6a06d7f634148 dfd-disable-resposive-headings\" id=\"dfd-heading-6a06d7f634148\" ><div class=\"inline-block\"><div class=\"dfd-heading-module\"><h2 class=\"widget-title dfd-title \" style=\"\">Attenzione zecche<\/h2><\/div><\/div><\/div><script type=\"text\/javascript\">\r\n\t\t\t\t\t\t\t\t\t(function($) {\r\n\t\t\t\t\t\t\t\t\t\t$(\"head\").append(\"<style>.dfd-heading-6a06d7f634148 .dfd-heading-module .widget-title {margin-bottom:20px;}.dfd-heading-6a06d7f634148.dfd-heading-module-wrap .dfd-heading-module .dfd-heading-delimiter {margin-top:10px;margin-bottom:10px;}@media (max-width: 1279px) and (min-width: 1024px){.dfd-heading-6a06d7f634148 .dfd-title{font-size: 60px !important;line-height: 70px !important;}}@media (max-width: 1023px) and (min-width: 800px){.dfd-heading-6a06d7f634148 .dfd-title{font-size: 50px !important;line-height: 60px !important;}}@media (max-width: 799px){.dfd-heading-6a06d7f634148 .dfd-title{font-size: 40px !important;line-height: 50px !important;}}@media (max-width: 1279px) and (min-width: 1024px){.dfd-heading-6a06d7f634148 .dfd-sub-title{font-size: 18px !important;line-height: 26px !important;}}@media (max-width: 1023px) and (min-width: 800px){.dfd-heading-6a06d7f634148 .dfd-sub-title{font-size: 16px !important;line-height: 24px !important;}}@media (max-width: 799px){.dfd-heading-6a06d7f634148 .dfd-sub-title{font-size: 16px !important;line-height: 24px !important;}}@media only screen and (max-width: 799px) {.dfd-heading-6a06d7f634148 {text-align: left;}}<\/style>\");\r\n\t\t\t\t\t\t\t\t\t})(jQuery);\r\n\t\t\t\t\t\t\t\t<\/script><\/div>[vc_column_text]<strong>Campagna di sensibilizzazione<\/strong><br \/>\nUna campagna di sensibilizzazione &#8220;Piqure-de-tique.ch&#8221; \u00e8 stata avviata nel 2018 e finanziata da Pfizer e GSK. Le informazioni possono essere trovate sul sito web<\/p>\n<p><a href=\"https:\/\/piqure-de-tique.ch\/protection\/?gclid=CjwKCAjw5ZPcBRBkEiwA-avvk9hhHgcI2nF1khBy21aCV8rt_hWALaxGUHNSpcZyfmFBPVhS7XC7-hoCznoQAvD_BwE\">https:\/\/piqure-de-tique.ch\/protection\/<\/a><\/p>\n<p><strong>Un trucco per rimuovere l&#8217;intruso<\/strong><br \/>\nRimuovere una zecca da alcuni luoghi difficili da raggiungere (tra le dita dei piedi, nei capelli,&#8230;) \u00e8 difficile anche con pinzette speciali. Ecco la soluzione:<br \/>\nApplicare un po&#8217; di sapone liquido su un batuffolo di cotone, coprire la zecca con il batuffolo di cotone imbevuto di sapone e tamponare per 15-20 secondi, la zecca si staccher\u00e0 spontaneamente e si attaccher\u00e0 al batuffolo di cotone quando lo toglierete.<\/p>\n<p><strong>Trattamento preventivo dei cani<\/strong><br \/>\nGli animali domestici sono i primi ospiti di pulci (prurito), zecche (piroplasmosi), borreliosi o malattia di Lyme, e mosche della sabbia (leishmaniosi), le cui malattie possono essere trasmesse all&#8217;uomo.<br \/>\nIl cane da beccacciaio spazia su un terreno favorevole alla prendere delle zecche, soprattutto perch\u00e9 il riscaldamento globale e l&#8217;assenza di gelate prolungate estendono il rischio su tutta la stagione di caccia.<br \/>\nPrevenire \u00e8 meglio che curare, e ci sono vari agenti preventivi disponibili.<\/p>\n<p>Il pi\u00f9 semplice, ma noioso, \u00e8 spazzolare regolarmente il nostro compagno e controllare la presenza di zecche. Un&#8217;altra soluzione \u00e8 quella di somministrare un trattamento idrorepellente il cui prodotto attivo rimarr\u00e0 permanentemente sotto il pelo in modo che la zecca non possa attaccarsi. C&#8217;\u00e8 un&#8217;ampia scelta, l&#8217;efficacia \u00e8 provata, ma la durata della protezione varia a seconda del metodo scelto.<br \/>\nPer i trattamenti a breve termine, ci sono gli spray (Frontline Spray di Merial, Tic Pus Fipronil di Biocanina, ecc.) o per chi preferisce la medicina alternativa, ci sono gli oli essenziali.<br \/>\nPer un&#8217;efficacia a lungo termine (da 1 a 8 mesi secondo le indicazioni di ogni laboratorio), esistono compresse (Nexgard, Confortis di Elanca, ecc.), pipette (Effitix di Virbac, Frontline Tri-Act o Combo di Merial, Advantix di Bayer, ecc.), collari (Seresto di Bayer, Scalibor, ecc.) o compresse (Nexgard, ecc.).<\/p>\n<p><strong>Il vostro veterinario e il vostro farmacista sono le persone migliori per consigliarvi il prodotto antiparassitario pi\u00f9 adatto alla nostra regione.<\/strong>[\/vc_column_text][\/vc_column][\/vc_row][vc_row anchor=&#8221;email_link&#8221;][vc_column col_shadow=&#8221;box_shadow_enable:disable|shadow_horizontal:0|shadow_vertical:15|shadow_blur:50|shadow_spread:0|box_shadow_color:rgba(0%2C0%2C0%2C0.35)&#8221; col_shadow_hover=&#8221;box_shadow_enable:disable|shadow_horizontal:0|shadow_vertical:15|shadow_blur:50|shadow_spread:0|box_shadow_color:rgba(0%2C0%2C0%2C0.35)&#8221; css=&#8221;.vc_custom_1636634281304{padding-right: 25px !important;padding-left: 25px !important;}&#8221;]<div class=\"dfd-spacer-module\"  data-units=\"px\" data-wide_resolution=\"1280\" data-wide_size=\"150\" data-normal_resolution=\"1024\" data-normal_size=\"120\" data-tablet_resolution=\"800\" data-tablet_size=\"100\" data-mobile_resolution=\"480\" data-mobile_size=\"80\" style=\"height: 150px;\"><\/div>[\/vc_column][\/vc_row]<\/p>\n<\/div>","protected":false},"excerpt":{"rendered":"<p>[vc_row bg_check=&#8221;row-background-dark&#8221; dfd_bg_style=&#8221;image&#8221; dfd_bg_image_new=&#8221;2661&#8243; dfd_bg_image_repeat=&#8221;no-repeat&#8221; dfd_bg_image_position=&#8221;40% 100%&#8221;][vc_column css=&#8221;.vc_custom_1636634249592{padding-right: 25px !important;padding-left: 25px !important;background-position: center !important;background-repeat: no-repeat !important;background-size: cover !important;}&#8221; col_shadow=&#8221;box_shadow_enable:disable|shadow_horizontal:0|shadow_vertical:15|shadow_blur:50|shadow_spread:0|box_shadow_color:rgba(0%2C0%2C0%2C0.35)&#8221; col_shadow_hover=&#8221;box_shadow_enable:disable|shadow_horizontal:0|shadow_vertical:15|shadow_blur:50|shadow_spread:0|box_shadow_color:rgba(0%2C0%2C0%2C0.35)&#8221;][\/vc_column][\/vc_row][vc_row anchor=&#8221;email_link&#8221;][vc_column col_shadow=&#8221;box_shadow_enable:disable|shadow_horizontal:0|shadow_vertical:15|shadow_blur:50|shadow_spread:0|box_shadow_color:rgba(0%2C0%2C0%2C0.35)&#8221; col_shadow_hover=&#8221;box_shadow_enable:disable|shadow_horizontal:0|shadow_vertical:15|shadow_blur:50|shadow_spread:0|box_shadow_color:rgba(0%2C0%2C0%2C0.35)&#8221; css=&#8221;.vc_custom_1636634267389{padding-right: 25px !important;padding-left: 25px !important;}&#8221;][vc_column_text]Campagna di sensibilizzazione<\/p>\n","protected":false},"author":1,"featured_media":0,"parent":0,"menu_order":0,"comment_status":"closed","ping_status":"closed","template":"page-custom.php","meta":{"inline_featured_image":false,"footnotes":""},"class_list":["post-2392","page","type-page","status-publish","hentry"],"yoast_head":"<!-- This site is optimized with the Yoast SEO plugin v27.0 - https:\/\/yoast.com\/product\/yoast-seo-wordpress\/ -->\n<title>Attenzione zecche - Association Suisse des B\u00e9cassiers<\/title>\n<meta name=\"robots\" content=\"index, follow, max-snippet:-1, max-image-preview:large, max-video-preview:-1\" \/>\n<link rel=\"canonical\" href=\"https:\/\/www.becassiers.ch\/it\/attenzione-zecche\/\" \/>\n<meta property=\"og:locale\" content=\"it_IT\" \/>\n<meta property=\"og:type\" content=\"article\" \/>\n<meta property=\"og:title\" content=\"Attenzione zecche - Association Suisse des B\u00e9cassiers\" \/>\n<meta property=\"og:description\" content=\"[vc_row bg_check=&#8221;row-background-dark&#8221; dfd_bg_style=&#8221;image&#8221; dfd_bg_image_new=&#8221;2661&#8243; dfd_bg_image_repeat=&#8221;no-repeat&#8221; dfd_bg_image_position=&#8221;40% 100%&#8221;][vc_column css=&#8221;.vc_custom_1636634249592{padding-right: 25px !important;padding-left: 25px !important;background-position: center !important;background-repeat: no-repeat !important;background-size: cover !important;}&#8221; col_shadow=&#8221;box_shadow_enable:disable|shadow_horizontal:0|shadow_vertical:15|shadow_blur:50|shadow_spread:0|box_shadow_color:rgba(0%2C0%2C0%2C0.35)&#8221; col_shadow_hover=&#8221;box_shadow_enable:disable|shadow_horizontal:0|shadow_vertical:15|shadow_blur:50|shadow_spread:0|box_shadow_color:rgba(0%2C0%2C0%2C0.35)&#8221;][\/vc_column][\/vc_row][vc_row anchor=&#8221;email_link&#8221;][vc_column col_shadow=&#8221;box_shadow_enable:disable|shadow_horizontal:0|shadow_vertical:15|shadow_blur:50|shadow_spread:0|box_shadow_color:rgba(0%2C0%2C0%2C0.35)&#8221; col_shadow_hover=&#8221;box_shadow_enable:disable|shadow_horizontal:0|shadow_vertical:15|shadow_blur:50|shadow_spread:0|box_shadow_color:rgba(0%2C0%2C0%2C0.35)&#8221; css=&#8221;.vc_custom_1636634267389{padding-right: 25px !important;padding-left: 25px !important;}&#8221;][vc_column_text]Campagna di sensibilizzazione\" \/>\n<meta property=\"og:url\" content=\"https:\/\/www.becassiers.ch\/it\/attenzione-zecche\/\" \/>\n<meta property=\"og:site_name\" content=\"Association Suisse des B\u00e9cassiers\" \/>\n<meta property=\"article:modified_time\" content=\"2022-06-14T14:26:25+00:00\" \/>\n<meta name=\"twitter:card\" content=\"summary_large_image\" \/>\n<meta name=\"twitter:label1\" content=\"Tempo di lettura stimato\" \/>\n\t<meta name=\"twitter:data1\" content=\"4 minuti\" \/>\n<script type=\"application\/ld+json\" class=\"yoast-schema-graph\">{\"@context\":\"https:\/\/schema.org\",\"@graph\":[{\"@type\":\"WebPage\",\"@id\":\"https:\/\/www.becassiers.ch\/it\/attenzione-zecche\/\",\"url\":\"https:\/\/www.becassiers.ch\/it\/attenzione-zecche\/\",\"name\":\"Attenzione zecche - Association Suisse des B\u00e9cassiers\",\"isPartOf\":{\"@id\":\"https:\/\/www.becassiers.ch\/#website\"},\"datePublished\":\"2022-05-04T13:50:04+00:00\",\"dateModified\":\"2022-06-14T14:26:25+00:00\",\"breadcrumb\":{\"@id\":\"https:\/\/www.becassiers.ch\/it\/attenzione-zecche\/#breadcrumb\"},\"inLanguage\":\"it-IT\",\"potentialAction\":[{\"@type\":\"ReadAction\",\"target\":[\"https:\/\/www.becassiers.ch\/it\/attenzione-zecche\/\"]}]},{\"@type\":\"BreadcrumbList\",\"@id\":\"https:\/\/www.becassiers.ch\/it\/attenzione-zecche\/#breadcrumb\",\"itemListElement\":[{\"@type\":\"ListItem\",\"position\":1,\"name\":\"Home\",\"item\":\"https:\/\/www.becassiers.ch\/it\/\"},{\"@type\":\"ListItem\",\"position\":2,\"name\":\"Attenzione zecche\"}]},{\"@type\":\"WebSite\",\"@id\":\"https:\/\/www.becassiers.ch\/#website\",\"url\":\"https:\/\/www.becassiers.ch\/\",\"name\":\"Association Suisse des B\u00e9cassiers\",\"description\":\"\",\"potentialAction\":[{\"@type\":\"SearchAction\",\"target\":{\"@type\":\"EntryPoint\",\"urlTemplate\":\"https:\/\/www.becassiers.ch\/?s={search_term_string}\"},\"query-input\":{\"@type\":\"PropertyValueSpecification\",\"valueRequired\":true,\"valueName\":\"search_term_string\"}}],\"inLanguage\":\"it-IT\"}]}<\/script>\n<!-- \/ Yoast SEO plugin. -->","yoast_head_json":{"title":"Attenzione zecche - Association Suisse des B\u00e9cassiers","robots":{"index":"index","follow":"follow","max-snippet":"max-snippet:-1","max-image-preview":"max-image-preview:large","max-video-preview":"max-video-preview:-1"},"canonical":"https:\/\/www.becassiers.ch\/it\/attenzione-zecche\/","og_locale":"it_IT","og_type":"article","og_title":"Attenzione zecche - Association Suisse des B\u00e9cassiers","og_description":"[vc_row bg_check=&#8221;row-background-dark&#8221; dfd_bg_style=&#8221;image&#8221; dfd_bg_image_new=&#8221;2661&#8243; dfd_bg_image_repeat=&#8221;no-repeat&#8221; dfd_bg_image_position=&#8221;40% 100%&#8221;][vc_column css=&#8221;.vc_custom_1636634249592{padding-right: 25px !important;padding-left: 25px !important;background-position: center !important;background-repeat: no-repeat !important;background-size: cover !important;}&#8221; col_shadow=&#8221;box_shadow_enable:disable|shadow_horizontal:0|shadow_vertical:15|shadow_blur:50|shadow_spread:0|box_shadow_color:rgba(0%2C0%2C0%2C0.35)&#8221; col_shadow_hover=&#8221;box_shadow_enable:disable|shadow_horizontal:0|shadow_vertical:15|shadow_blur:50|shadow_spread:0|box_shadow_color:rgba(0%2C0%2C0%2C0.35)&#8221;][\/vc_column][\/vc_row][vc_row anchor=&#8221;email_link&#8221;][vc_column col_shadow=&#8221;box_shadow_enable:disable|shadow_horizontal:0|shadow_vertical:15|shadow_blur:50|shadow_spread:0|box_shadow_color:rgba(0%2C0%2C0%2C0.35)&#8221; col_shadow_hover=&#8221;box_shadow_enable:disable|shadow_horizontal:0|shadow_vertical:15|shadow_blur:50|shadow_spread:0|box_shadow_color:rgba(0%2C0%2C0%2C0.35)&#8221; css=&#8221;.vc_custom_1636634267389{padding-right: 25px !important;padding-left: 25px !important;}&#8221;][vc_column_text]Campagna di sensibilizzazione","og_url":"https:\/\/www.becassiers.ch\/it\/attenzione-zecche\/","og_site_name":"Association Suisse des B\u00e9cassiers","article_modified_time":"2022-06-14T14:26:25+00:00","twitter_card":"summary_large_image","twitter_misc":{"Tempo di lettura stimato":"4 minuti"},"schema":{"@context":"https:\/\/schema.org","@graph":[{"@type":"WebPage","@id":"https:\/\/www.becassiers.ch\/it\/attenzione-zecche\/","url":"https:\/\/www.becassiers.ch\/it\/attenzione-zecche\/","name":"Attenzione zecche - Association Suisse des B\u00e9cassiers","isPartOf":{"@id":"https:\/\/www.becassiers.ch\/#website"},"datePublished":"2022-05-04T13:50:04+00:00","dateModified":"2022-06-14T14:26:25+00:00","breadcrumb":{"@id":"https:\/\/www.becassiers.ch\/it\/attenzione-zecche\/#breadcrumb"},"inLanguage":"it-IT","potentialAction":[{"@type":"ReadAction","target":["https:\/\/www.becassiers.ch\/it\/attenzione-zecche\/"]}]},{"@type":"BreadcrumbList","@id":"https:\/\/www.becassiers.ch\/it\/attenzione-zecche\/#breadcrumb","itemListElement":[{"@type":"ListItem","position":1,"name":"Home","item":"https:\/\/www.becassiers.ch\/it\/"},{"@type":"ListItem","position":2,"name":"Attenzione zecche"}]},{"@type":"WebSite","@id":"https:\/\/www.becassiers.ch\/#website","url":"https:\/\/www.becassiers.ch\/","name":"Association Suisse des B\u00e9cassiers","description":"","potentialAction":[{"@type":"SearchAction","target":{"@type":"EntryPoint","urlTemplate":"https:\/\/www.becassiers.ch\/?s={search_term_string}"},"query-input":{"@type":"PropertyValueSpecification","valueRequired":true,"valueName":"search_term_string"}}],"inLanguage":"it-IT"}]}},"_links":{"self":[{"href":"https:\/\/www.becassiers.ch\/it\/wp-json\/wp\/v2\/pages\/2392","targetHints":{"allow":["GET"]}}],"collection":[{"href":"https:\/\/www.becassiers.ch\/it\/wp-json\/wp\/v2\/pages"}],"about":[{"href":"https:\/\/www.becassiers.ch\/it\/wp-json\/wp\/v2\/types\/page"}],"author":[{"embeddable":true,"href":"https:\/\/www.becassiers.ch\/it\/wp-json\/wp\/v2\/users\/1"}],"replies":[{"embeddable":true,"href":"https:\/\/www.becassiers.ch\/it\/wp-json\/wp\/v2\/comments?post=2392"}],"version-history":[{"count":10,"href":"https:\/\/www.becassiers.ch\/it\/wp-json\/wp\/v2\/pages\/2392\/revisions"}],"predecessor-version":[{"id":2667,"href":"https:\/\/www.becassiers.ch\/it\/wp-json\/wp\/v2\/pages\/2392\/revisions\/2667"}],"wp:attachment":[{"href":"https:\/\/www.becassiers.ch\/it\/wp-json\/wp\/v2\/media?parent=2392"}],"curies":[{"name":"wp","href":"https:\/\/api.w.org\/{rel}","templated":true}]}}